{"id":833,"date":"2023-04-07T09:02:58","date_gmt":"2023-04-07T07:02:58","guid":{"rendered":"https:\/\/onemedia.ee\/?post_type=product&#038;p=833"},"modified":"2025-04-20T19:40:15","modified_gmt":"2025-04-20T19:40:15","slug":"annetus150","status":"publish","type":"product","link":"https:\/\/onemedia.ee\/piiblimatkad\/product\/annetus150\/","title":{"rendered":"Teen annetuse 150"},"content":{"rendered":"<p>[et_pb_section fb_built=&#8221;1&#8243; theme_builder_area=&#8221;post_content&#8221; _builder_version=&#8221;4.27.4&#8243; _module_preset=&#8221;default&#8221; da_is_popup=&#8221;off&#8221; da_exit_intent=&#8221;off&#8221; da_has_close=&#8221;on&#8221; da_alt_close=&#8221;off&#8221; da_dark_close=&#8221;off&#8221; da_not_modal=&#8221;on&#8221; da_is_singular=&#8221;off&#8221; da_with_loader=&#8221;off&#8221; da_has_shadow=&#8221;on&#8221; da_disable_devices=&#8221;off|off|off&#8221;][\/et_pb_section]<\/p>\n","protected":false},"excerpt":{"rendered":"<ul>\n<li><\/li>\n<li>Teen annetuse ja saan kingituseks Mikrofiiber r\u00e4tiku tikitud Piiblimatkad loogoga.<\/li>\n<li>R\u00e4tiku v\u00e4rvi \u00f5una roheline<\/li>\n<li>Suurus 70x140cm<\/li>\n<\/ul>\n<p>&nbsp;<\/p>\n","protected":false},"featured_media":354721,"template":"","meta":{"_et_pb_use_builder":"on","_et_pb_old_content":"M\u00f5nusalt pehme mikrofiiber r\u00e4tik suuruses 70x140cm Piiblimatkad logoga.\r\nTeen annetuse ja saan kingituseks Mikrofiiber r\u00e4tiku Piiblimatkad logoga.\r\nPildil olev roheline v\u00e4rv v\u00f5ib erineda reaalsest toote v\u00e4rvist.\r\n\r\nNB! Sinu annetus l\u00e4eb meie raamatupidamises kirja annetusena, kui sa soovid tulumaksu tagastust siis palun kirjuta meile oma eesti ID number lisainfo lahtrisse.\r\n\r\n&nbsp;\r\n\r\n&nbsp;\r\n\r\n&nbsp;","_et_gb_content_width":""},"product_brand":[],"product_cat":[52],"product_tag":[46,47,53,54],"class_list":{"0":"post-833","1":"product","2":"type-product","3":"status-publish","4":"has-post-thumbnail","6":"product_cat-toetan","7":"product_tag-piiblimatkad","8":"product_tag-ratik","9":"product_tag-toetan","10":"product_tag-towel","12":"first","13":"instock","14":"shipping-taxable","15":"purchasable","16":"product-type-simple"},"_links":{"self":[{"href":"https:\/\/onemedia.ee\/piiblimatkad\/wp-json\/wp\/v2\/product\/833","targetHints":{"allow":["GET"]}}],"collection":[{"href":"https:\/\/onemedia.ee\/piiblimatkad\/wp-json\/wp\/v2\/product"}],"about":[{"href":"https:\/\/onemedia.ee\/piiblimatkad\/wp-json\/wp\/v2\/types\/product"}],"wp:featuredmedia":[{"embeddable":true,"href":"https:\/\/onemedia.ee\/piiblimatkad\/wp-json\/wp\/v2\/media\/354721"}],"wp:attachment":[{"href":"https:\/\/onemedia.ee\/piiblimatkad\/wp-json\/wp\/v2\/media?parent=833"}],"wp:term":[{"taxonomy":"product_brand","embeddable":true,"href":"https:\/\/onemedia.ee\/piiblimatkad\/wp-json\/wp\/v2\/product_brand?post=833"},{"taxonomy":"product_cat","embeddable":true,"href":"https:\/\/onemedia.ee\/piiblimatkad\/wp-json\/wp\/v2\/product_cat?post=833"},{"taxonomy":"product_tag","embeddable":true,"href":"https:\/\/onemedia.ee\/piiblimatkad\/wp-json\/wp\/v2\/product_tag?post=833"}],"curies":[{"name":"wp","href":"https:\/\/api.w.org\/{rel}","templated":true}]}}