{"id":1066,"date":"2023-05-19T16:34:47","date_gmt":"2023-05-19T14:34:47","guid":{"rendered":"https:\/\/onemedia.ee\/?post_type=product&#038;p=1066"},"modified":"2025-11-17T20:21:03","modified_gmt":"2025-11-17T18:21:03","slug":"sinu-annetus-tkmk","status":"publish","type":"product","link":"https:\/\/onemedia.ee\/piiblimatkad\/product\/sinu-annetus-tkmk\/","title":{"rendered":"Sinu annetus TKMK"},"content":{"rendered":"<p>[et_pb_section fb_built=&#8221;1&#8243; _builder_version=&#8221;4.27.4&#8243; _module_preset=&#8221;default&#8221; global_colors_info=&#8221;{}&#8221;][\/et_pb_section]<\/p>\n","protected":false},"excerpt":{"rendered":"<p>Siin saad valida ise oma annetuse summa millega toetad T\u00fcri Misjonikoguduse t\u00f6\u00f6d.<\/p>\n","protected":false},"featured_media":354713,"template":"","meta":{"_et_pb_use_builder":"on","_et_pb_old_content":"Siin saad valida ise oma annetuse summa millega toetad T\u00fcri Misjonikoguduse t\u00f6\u00f6d.\r\n\r\n&nbsp;\r\n\r\n&nbsp;\r\n\r\n&nbsp;","_et_gb_content_width":""},"product_brand":[],"product_cat":[52],"product_tag":[38,53,55],"class_list":{"0":"post-1066","1":"product","2":"type-product","3":"status-publish","4":"has-post-thumbnail","6":"product_cat-toetan","7":"product_tag-kogudus","8":"product_tag-toetan","9":"product_tag-turikmk","11":"first","12":"instock","13":"virtual","14":"purchasable","15":"product-type-simple"},"_links":{"self":[{"href":"https:\/\/onemedia.ee\/piiblimatkad\/wp-json\/wp\/v2\/product\/1066","targetHints":{"allow":["GET"]}}],"collection":[{"href":"https:\/\/onemedia.ee\/piiblimatkad\/wp-json\/wp\/v2\/product"}],"about":[{"href":"https:\/\/onemedia.ee\/piiblimatkad\/wp-json\/wp\/v2\/types\/product"}],"wp:featuredmedia":[{"embeddable":true,"href":"https:\/\/onemedia.ee\/piiblimatkad\/wp-json\/wp\/v2\/media\/354713"}],"wp:attachment":[{"href":"https:\/\/onemedia.ee\/piiblimatkad\/wp-json\/wp\/v2\/media?parent=1066"}],"wp:term":[{"taxonomy":"product_brand","embeddable":true,"href":"https:\/\/onemedia.ee\/piiblimatkad\/wp-json\/wp\/v2\/product_brand?post=1066"},{"taxonomy":"product_cat","embeddable":true,"href":"https:\/\/onemedia.ee\/piiblimatkad\/wp-json\/wp\/v2\/product_cat?post=1066"},{"taxonomy":"product_tag","embeddable":true,"href":"https:\/\/onemedia.ee\/piiblimatkad\/wp-json\/wp\/v2\/product_tag?post=1066"}],"curies":[{"name":"wp","href":"https:\/\/api.w.org\/{rel}","templated":true}]}}